{"id":341,"date":"2018-08-28T08:09:10","date_gmt":"2018-08-28T08:09:10","guid":{"rendered":"https:\/\/vendervip.com\/do\/?page_id=341"},"modified":"2022-07-01T21:57:02","modified_gmt":"2022-07-01T21:57:02","slug":"faq","status":"publish","type":"page","link":"https:\/\/vendervip.com\/do\/faq\/","title":{"rendered":"Preguntas Frecuentes"},"content":{"rendered":"\t\t<div data-elementor-type=\"wp-post\" data-elementor-id=\"341\" class=\"elementor elementor-341\">\n\t\t\t\t\t\t<div class=\"elementor-section elementor-top-section elementor-element elementor-element-1792e3e elementor-section-boxed elementor-section-height-default elementor-section-height-default rt-parallax-bg-no\" data-id=\"1792e3e\" data-element_type=\"section\" data-e-type=\"section\">\n\t\t\t\t\t\t<div class=\"elementor-container elementor-column-gap-default\">\n\t\t\t\t\t<div class=\"elementor-column elementor-col-100 elementor-top-column elementor-element elementor-element-2eb78f4\" data-id=\"2eb78f4\" data-element_type=\"column\" data-e-type=\"column\">\n\t\t\t<div class=\"elementor-widget-wrap elementor-element-populated\">\n\t\t\t\t\t\t<div class=\"elementor-element elementor-element-201b6aa elementor-widget elementor-widget-heading\" data-id=\"201b6aa\" data-element_type=\"widget\" data-e-type=\"widget\" data-widget_type=\"heading.default\">\n\t\t\t\t<div class=\"elementor-widget-container\">\n\t\t\t\t\t<h3 class=\"elementor-heading-title elementor-size-default\">Preguntas Frecuentes<\/h3>\t\t\t\t<\/div>\n\t\t\t\t<\/div>\n\t\t\t\t\t<\/div>\n\t\t<\/div>\n\t\t\t\t\t<\/div>\n\t\t<\/div>\n\t\t\t\t<div class=\"elementor-section elementor-top-section elementor-element elementor-element-f41a756 elementor-section-boxed elementor-section-height-default elementor-section-height-default rt-parallax-bg-no\" data-id=\"f41a756\" data-element_type=\"section\" data-e-type=\"section\">\n\t\t\t\t\t\t<div class=\"elementor-container elementor-column-gap-default\">\n\t\t\t\t\t<div class=\"elementor-column elementor-col-100 elementor-top-column elementor-element elementor-element-1276db5\" data-id=\"1276db5\" data-element_type=\"column\" data-e-type=\"column\">\n\t\t\t<div class=\"elementor-widget-wrap elementor-element-populated\">\n\t\t\t\t\t\t<div class=\"elementor-element elementor-element-56638ba elementor-widget elementor-widget-text-editor\" data-id=\"56638ba\" data-element_type=\"widget\" data-e-type=\"widget\" data-widget_type=\"text-editor.default\">\n\t\t\t\t<div class=\"elementor-widget-container\">\n\t\t\t\t\t\t\t\t\t<p>Vender Vip se esfuerza para darte el mejor servicio. De manera que, si tienes alguna pregunta no dudes en <a href=\"https:\/\/vendervip.com\/do\/contact\/\">contactarnos<\/a>. Sin embargo, aqu\u00ed te dejamos un breve resumen de las preguntas m\u00e1s frecuentes, para que tengas una idea y puedas dar los primeros pasos.<\/p>\t\t\t\t\t\t\t\t<\/div>\n\t\t\t\t<\/div>\n\t\t\t\t\t<\/div>\n\t\t<\/div>\n\t\t\t\t\t<\/div>\n\t\t<\/div>\n\t\t\t\t<div class=\"elementor-section elementor-top-section elementor-element elementor-element-78806a9 elementor-section-boxed elementor-section-height-default elementor-section-height-default rt-parallax-bg-no\" data-id=\"78806a9\" data-element_type=\"section\" data-e-type=\"section\">\n\t\t\t\t\t\t<div class=\"elementor-container elementor-column-gap-default\">\n\t\t\t\t\t<div class=\"elementor-column elementor-col-100 elementor-top-column elementor-element elementor-element-2517875\" data-id=\"2517875\" data-element_type=\"column\" data-e-type=\"column\">\n\t\t\t<div class=\"elementor-widget-wrap elementor-element-populated\">\n\t\t\t\t\t\t<div class=\"elementor-element elementor-element-8509ea3 elementor-widget elementor-widget-rt-accordian\" data-id=\"8509ea3\" data-element_type=\"widget\" data-e-type=\"widget\" data-widget_type=\"rt-accordian.default\">\n\t\t\t\t<div class=\"elementor-widget-container\">\n\t\t\t\t\t<div class=\"rt-el-accordian\">\r\n\t<div class=\"accordion\" id=\"u-0-33040200-1776381370\">\r\n\t\t\t\t\t\t\t\t<div class=\"card\">\r\n\t\t\t\t<div class=\"card-header\">\r\n\t\t\t\t\t<a href=\"#\" class=\"collapsed\" data-toggle=\"collapse\" data-target=\"#u-0-33042200-1776381370\" aria-expanded=\"true\"> 1. \u00bfC\u00f3mo crear una cuenta?<\/a>\r\n\t\t\t\t<\/div>\r\n\t\t\t\t<div id=\"u-0-33042200-1776381370\" class=\"collapse\" data-parent=\"#u-0-33040200-1776381370\">\r\n\t\t\t\t\t<div class=\"card-body\"><h4>Muy F\u00e1cil!<\/h4><p>Para crear una cuenta en <strong>Vender Vip<\/strong> es totalmente gratis y muy f\u00e1cil de hacer.<\/p><p>1. Haz click en el avatar de persona en el men\u00fa principal o en el bot\u00f3n \"<strong>Publicar\"<\/strong> para acceder al formulario de registro.\u00a0<\/p><p>2. Crea una cuenta iniciando sesi\u00f3n usando tu cuenta de Gmail o Facebook.<\/p><\/div>\r\n\t\t\t\t<\/div>\r\n\t\t\t<\/div>\r\n\t\t\t\t\t\t\t\t<div class=\"card\">\r\n\t\t\t\t<div class=\"card-header\">\r\n\t\t\t\t\t<a href=\"#\" class=\"collapsed\" data-toggle=\"collapse\" data-target=\"#u-0-33056800-1776381370\" aria-expanded=\"true\"> 2. \u00bfCom\u00f3 publicar un producto?<\/a>\r\n\t\t\t\t<\/div>\r\n\t\t\t\t<div id=\"u-0-33056800-1776381370\" class=\"collapse\" data-parent=\"#u-0-33040200-1776381370\">\r\n\t\t\t\t\t<div class=\"card-body\"><h4>Para publicar...<\/h4><p>Despu\u00e9s de haber creado tu cuenta, solo tienes que hacer click en el bot\u00f3n <strong>\"Publicar\"<\/strong> y seguir los pasos del formulario de publicaci\u00f3n.\u00a0<\/p><\/div>\r\n\t\t\t\t<\/div>\r\n\t\t\t<\/div>\r\n\t\t\t\t\t\t\t\t<div class=\"card\">\r\n\t\t\t\t<div class=\"card-header\">\r\n\t\t\t\t\t<a href=\"#\" class=\"collapsed\" data-toggle=\"collapse\" data-target=\"#u-0-33063100-1776381370\" aria-expanded=\"true\"> 3 \u00bfC\u00f3mo vender un producto?<\/a>\r\n\t\t\t\t<\/div>\r\n\t\t\t\t<div id=\"u-0-33063100-1776381370\" class=\"collapse\" data-parent=\"#u-0-33040200-1776381370\">\r\n\t\t\t\t\t<div class=\"card-body\"><h4>Sencillo...<\/h4><p>Para vender un producto es solo cuesti\u00f3n de tiempo, espera a que alguien se comunique contigo y puedan iniciar una negociaci\u00f3n.\u00a0<\/p><p>Para tener las mejores pr\u00e1cticas de venta ve a la secci\u00f3n <a href=\"https:\/\/vendervip.com\/do\/como-vender-rapido\/\"><strong>\"C\u00f3mo vender r\u00e1pido\"<\/strong>.<\/a><\/p><\/div>\r\n\t\t\t\t<\/div>\r\n\t\t\t<\/div>\r\n\t\t\t\t\t\t\t\t<div class=\"card\">\r\n\t\t\t\t<div class=\"card-header\">\r\n\t\t\t\t\t<a href=\"#\" class=\"collapsed\" data-toggle=\"collapse\" data-target=\"#u-0-33071900-1776381370\" aria-expanded=\"true\"> 4. \u00bfC\u00f3mo comprar un producto?<\/a>\r\n\t\t\t\t<\/div>\r\n\t\t\t\t<div id=\"u-0-33071900-1776381370\" class=\"collapse\" data-parent=\"#u-0-33040200-1776381370\">\r\n\t\t\t\t\t<div class=\"card-body\"><h4>Super F\u00e1cil!<\/h4><p>Cuando encuentres un art\u00edculo que te interese, solo tienes que contactar al vendedor por los medios provistos por <strong>Vender Vip<\/strong> (Chat en vivo, Correo electr\u00f3nico) o los del vendedor (WhatsApp, Llamada telef\u00f3nica o Correo electr\u00f3nico).\u00a0<\/p><p>Siempre ten en cuenta los buenos modales y los <a href=\"https:\/\/vendervip.com\/do\/tips-de-seguridad\/\"><strong>\"Tips de Seguridad\"<\/strong><\/a> cuando te comuniques con un vendedor.<\/p><\/div>\r\n\t\t\t\t<\/div>\r\n\t\t\t<\/div>\r\n\t\t\t\t\t\t\t\t<div class=\"card\">\r\n\t\t\t\t<div class=\"card-header\">\r\n\t\t\t\t\t<a href=\"#\" class=\"collapsed\" data-toggle=\"collapse\" data-target=\"#u-0-33082600-1776381370\" aria-expanded=\"true\"> 5. \u00bfQu\u00e9 son las membres\u00edas?<\/a>\r\n\t\t\t\t<\/div>\r\n\t\t\t\t<div id=\"u-0-33082600-1776381370\" class=\"collapse\" data-parent=\"#u-0-33040200-1776381370\">\r\n\t\t\t\t\t<div class=\"card-body\"><h4>Las Membres\u00edas\u00a0<\/h4><p>Son paquetes de servicios que te brinda <strong>Vender Vip<\/strong> para que puedas aprovechar al m\u00e1ximo la plataforma. Estos paquetes est\u00e1n formados por una cantidad de espacios para anuncios, anuncios destacados y un acceso para la creaci\u00f3n de una tienda en l\u00ednea, la cual puedes usar como un sitio personalizado para tu negocio.<\/p><p>Para ver m\u00e1s detalles de las membres\u00edas haz click <a href=\"https:\/\/vendervip.com\/do\/membresias\/\">aqu\u00ed<\/a>.<\/p><\/div>\r\n\t\t\t\t<\/div>\r\n\t\t\t<\/div>\r\n\t\t\t\t\t\t\t\t<div class=\"card\">\r\n\t\t\t\t<div class=\"card-header\">\r\n\t\t\t\t\t<a href=\"#\" class=\"collapsed\" data-toggle=\"collapse\" data-target=\"#u-0-33090400-1776381370\" aria-expanded=\"true\"> 6. \u00bfC\u00f3mo tener una tienda en Vender Vip?<\/a>\r\n\t\t\t\t<\/div>\r\n\t\t\t\t<div id=\"u-0-33090400-1776381370\" class=\"collapse\" data-parent=\"#u-0-33040200-1776381370\">\r\n\t\t\t\t\t<div class=\"card-body\"><h4>Tener una tienda.<\/h4><p>Para tener una tienda en <strong>Vender Vip<\/strong> sigue los siguientes pasos:<\/p><ol><li><a href=\"https:\/\/vendervip.com\/do\/my-account\/\">Crea<\/a> una cuenta.<\/li><li>Activa una de nuestras membres\u00edas.<\/li><li>Dise\u00f1a la tienda en el men\u00fa <strong>\"Mi Cuenta\"<\/strong>.<\/li><\/ol><\/div>\r\n\t\t\t\t<\/div>\r\n\t\t\t<\/div>\r\n\t\t\t<\/div>\r\n<\/div>\t\t\t\t<\/div>\n\t\t\t\t<\/div>\n\t\t\t\t\t<\/div>\n\t\t<\/div>\n\t\t\t\t\t<\/div>\n\t\t<\/div>\n\t\t\t\t<div class=\"elementor-section elementor-top-section elementor-element elementor-element-05a3f21 elementor-section-boxed elementor-section-height-default elementor-section-height-default rt-parallax-bg-no\" data-id=\"05a3f21\" data-element_type=\"section\" data-e-type=\"section\">\n\t\t\t\t\t\t<div class=\"elementor-container elementor-column-gap-default\">\n\t\t\t\t\t<div class=\"elementor-column elementor-col-100 elementor-top-column elementor-element elementor-element-91715c8\" data-id=\"91715c8\" data-element_type=\"column\" data-e-type=\"column\">\n\t\t\t<div class=\"elementor-widget-wrap elementor-element-populated\">\n\t\t\t\t\t\t<div class=\"elementor-element elementor-element-509e7b8 elementor-widget elementor-widget-text-editor\" data-id=\"509e7b8\" data-element_type=\"widget\" data-e-type=\"widget\" data-widget_type=\"text-editor.default\">\n\t\t\t\t<div class=\"elementor-widget-container\">\n\t\t\t\t\t\t\t\t\t<p>Estas preguntas podr\u00e1n ir aumentando a medida que nuestros usuarios lo requieran.<\/p>\t\t\t\t\t\t\t\t<\/div>\n\t\t\t\t<\/div>\n\t\t\t\t\t<\/div>\n\t\t<\/div>\n\t\t\t\t\t<\/div>\n\t\t<\/div>\n\t\t\t\t<\/div>\n\t\t","protected":false},"excerpt":{"rendered":"<p>Preguntas Frecuentes Vender Vip se esfuerza para darte el mejor servicio. De manera que, si tienes alguna pregunta no dudes en contactarnos. Sin embargo, aqu\u00ed te dejamos un breve resumen de las preguntas m\u00e1s frecuentes, para que tengas una idea y puedas dar los primeros pasos. 1. \u00bfC\u00f3mo crear una cuenta? Muy F\u00e1cil! Para crear<\/p>\n","protected":false},"author":1,"featured_media":0,"parent":0,"menu_order":0,"comment_status":"closed","ping_status":"closed","template":"","meta":{"_rtcl_gb_attr":"","footnotes":""},"class_list":["post-341","page","type-page","status-publish","hentry"],"_links":{"self":[{"href":"https:\/\/vendervip.com\/do\/wp-json\/wp\/v2\/pages\/341","targetHints":{"allow":["GET"]}}],"collection":[{"href":"https:\/\/vendervip.com\/do\/wp-json\/wp\/v2\/pages"}],"about":[{"href":"https:\/\/vendervip.com\/do\/wp-json\/wp\/v2\/types\/page"}],"author":[{"embeddable":true,"href":"https:\/\/vendervip.com\/do\/wp-json\/wp\/v2\/users\/1"}],"replies":[{"embeddable":true,"href":"https:\/\/vendervip.com\/do\/wp-json\/wp\/v2\/comments?post=341"}],"version-history":[{"count":221,"href":"https:\/\/vendervip.com\/do\/wp-json\/wp\/v2\/pages\/341\/revisions"}],"predecessor-version":[{"id":9975,"href":"https:\/\/vendervip.com\/do\/wp-json\/wp\/v2\/pages\/341\/revisions\/9975"}],"wp:attachment":[{"href":"https:\/\/vendervip.com\/do\/wp-json\/wp\/v2\/media?parent=341"}],"curies":[{"name":"wp","href":"https:\/\/api.w.org\/{rel}","templated":true}]}}