{"id":3042,"date":"2022-04-03T21:36:42","date_gmt":"2022-04-03T21:36:42","guid":{"rendered":"https:\/\/vendervip.com\/do\/?page_id=3042"},"modified":"2022-04-06T04:49:48","modified_gmt":"2022-04-06T04:49:48","slug":"promueve-tus-anuncios","status":"publish","type":"page","link":"https:\/\/vendervip.com\/do\/promueve-tus-anuncios\/","title":{"rendered":"Promueve tus anuncios"},"content":{"rendered":"\t\t<div data-elementor-type=\"wp-post\" data-elementor-id=\"3042\" class=\"elementor elementor-3042\">\n\t\t\t\t\t\t<section class=\"elementor-section elementor-top-section elementor-element elementor-element-f47be81 elementor-section-boxed elementor-section-height-default elementor-section-height-default rt-parallax-bg-no\" data-id=\"f47be81\" data-element_type=\"section\" data-e-type=\"section\" data-settings=\"{&quot;background_background&quot;:&quot;classic&quot;}\">\n\t\t\t\t\t\t<div class=\"elementor-container elementor-column-gap-default\">\n\t\t\t\t\t<div class=\"elementor-column elementor-col-100 elementor-top-column elementor-element elementor-element-30252ab\" data-id=\"30252ab\" data-element_type=\"column\" data-e-type=\"column\">\n\t\t\t<div class=\"elementor-widget-wrap elementor-element-populated\">\n\t\t\t\t\t\t<div class=\"elementor-element elementor-element-853484d elementor-widget elementor-widget-heading\" data-id=\"853484d\" data-element_type=\"widget\" data-e-type=\"widget\" data-widget_type=\"heading.default\">\n\t\t\t\t<div class=\"elementor-widget-container\">\n\t\t\t\t\t<h2 class=\"elementor-heading-title elementor-size-default\">Promueve Tus Anuncios<\/h2>\t\t\t\t<\/div>\n\t\t\t\t<\/div>\n\t\t\t\t<section class=\"elementor-section elementor-inner-section elementor-element elementor-element-4d69467 elementor-section-boxed elementor-section-height-default elementor-section-height-default rt-parallax-bg-no\" data-id=\"4d69467\" data-element_type=\"section\" data-e-type=\"section\">\n\t\t\t\t\t\t<div class=\"elementor-container elementor-column-gap-default\">\n\t\t\t\t\t<div class=\"elementor-column elementor-col-50 elementor-inner-column elementor-element elementor-element-5603d78\" data-id=\"5603d78\" data-element_type=\"column\" data-e-type=\"column\">\n\t\t\t<div class=\"elementor-widget-wrap elementor-element-populated\">\n\t\t\t\t\t\t<div class=\"elementor-element elementor-element-e6c65ff elementor-widget elementor-widget-image\" data-id=\"e6c65ff\" data-element_type=\"widget\" data-e-type=\"widget\" data-widget_type=\"image.default\">\n\t\t\t\t<div class=\"elementor-widget-container\">\n\t\t\t\t\t\t\t\t\t\t\t\t\t\t\t<img decoding=\"async\" src=\"https:\/\/vendervip.com\/do\/wp-content\/uploads\/elementor\/thumbs\/Destaca-1200x1200-1-pr0h7bwm13cqbz2zf4dhkz9u8th2b6zen6rczie7w0.png\" title=\"Destaca 1200&#215;1200\" alt=\"Destaca 1200x1200\" loading=\"lazy\" \/>\t\t\t\t\t\t\t\t\t\t\t\t\t\t\t<\/div>\n\t\t\t\t<\/div>\n\t\t\t\t\t<\/div>\n\t\t<\/div>\n\t\t\t\t<div class=\"elementor-column elementor-col-50 elementor-inner-column elementor-element elementor-element-68444fb\" data-id=\"68444fb\" data-element_type=\"column\" data-e-type=\"column\">\n\t\t\t<div class=\"elementor-widget-wrap elementor-element-populated\">\n\t\t\t\t\t\t<div class=\"elementor-element elementor-element-b1e3244 elementor-widget elementor-widget-heading\" data-id=\"b1e3244\" data-element_type=\"widget\" data-e-type=\"widget\" data-widget_type=\"heading.default\">\n\t\t\t\t<div class=\"elementor-widget-container\">\n\t\t\t\t\t<h5 class=\"elementor-heading-title elementor-size-default\">Qu\u00e9 hacer para destacar un anuncio?<\/h5>\t\t\t\t<\/div>\n\t\t\t\t<\/div>\n\t\t\t\t<div class=\"elementor-element elementor-element-286853e elementor-widget elementor-widget-text-editor\" data-id=\"286853e\" data-element_type=\"widget\" data-e-type=\"widget\" data-widget_type=\"text-editor.default\">\n\t\t\t\t<div class=\"elementor-widget-container\">\n\t\t\t\t\t\t\t\t\t<p>Cuando tienes una membres\u00eda activa, cuentas con una cantidad de anuncios para destacar los que quieras.<\/p>\n<p>Pero, si no tienes una membres\u00eda, puedes destacar tus anuncios con tan solo activar un plan por separado de un anuncio en particular.<\/p>\n<p>Para hacerlo, ve a tus anuncios y haz click en el bot\u00f3n <strong>&#8220;Destacar&#8221;.<\/strong>&nbsp;&nbsp;<\/p><p><br><\/p>\t\t\t\t\t\t\t\t<\/div>\n\t\t\t\t<\/div>\n\t\t\t\t\t<\/div>\n\t\t<\/div>\n\t\t\t\t\t<\/div>\n\t\t<\/section>\n\t\t\t\t\t<\/div>\n\t\t<\/div>\n\t\t\t\t\t<\/div>\n\t\t<\/section>\n\t\t\t\t<\/div>\n\t\t","protected":false},"excerpt":{"rendered":"<p>Promueve Tus Anuncios Qu\u00e9 hacer para destacar un anuncio? Cuando tienes una membres\u00eda activa, cuentas con una cantidad de anuncios para destacar los que quieras. Pero, si no tienes una membres\u00eda, puedes destacar tus anuncios con tan solo activar un plan por separado de un anuncio en particular. Para hacerlo, ve a tus anuncios y<\/p>\n","protected":false},"author":1,"featured_media":0,"parent":0,"menu_order":0,"comment_status":"closed","ping_status":"closed","template":"templates\/blank.php","meta":{"_rtcl_gb_attr":"","footnotes":""},"class_list":["post-3042","page","type-page","status-publish","hentry"],"_links":{"self":[{"href":"https:\/\/vendervip.com\/do\/wp-json\/wp\/v2\/pages\/3042","targetHints":{"allow":["GET"]}}],"collection":[{"href":"https:\/\/vendervip.com\/do\/wp-json\/wp\/v2\/pages"}],"about":[{"href":"https:\/\/vendervip.com\/do\/wp-json\/wp\/v2\/types\/page"}],"author":[{"embeddable":true,"href":"https:\/\/vendervip.com\/do\/wp-json\/wp\/v2\/users\/1"}],"replies":[{"embeddable":true,"href":"https:\/\/vendervip.com\/do\/wp-json\/wp\/v2\/comments?post=3042"}],"version-history":[{"count":16,"href":"https:\/\/vendervip.com\/do\/wp-json\/wp\/v2\/pages\/3042\/revisions"}],"predecessor-version":[{"id":3076,"href":"https:\/\/vendervip.com\/do\/wp-json\/wp\/v2\/pages\/3042\/revisions\/3076"}],"wp:attachment":[{"href":"https:\/\/vendervip.com\/do\/wp-json\/wp\/v2\/media?parent=3042"}],"curies":[{"name":"wp","href":"https:\/\/api.w.org\/{rel}","templated":true}]}}