{"id":2999,"date":"2022-04-03T20:39:39","date_gmt":"2022-04-03T20:39:39","guid":{"rendered":"https:\/\/vendervip.com\/do\/?page_id=2999"},"modified":"2022-07-13T00:12:37","modified_gmt":"2022-07-13T00:12:37","slug":"como-vender-rapido","status":"publish","type":"page","link":"https:\/\/vendervip.com\/do\/como-vender-rapido\/","title":{"rendered":"C\u00f3mo vender r\u00e1pido"},"content":{"rendered":"\t\t<div data-elementor-type=\"wp-post\" data-elementor-id=\"2999\" class=\"elementor elementor-2999\">\n\t\t\t\t\t\t<section class=\"elementor-section elementor-top-section elementor-element elementor-element-f47be81 elementor-section-boxed elementor-section-height-default elementor-section-height-default rt-parallax-bg-no\" data-id=\"f47be81\" data-element_type=\"section\" data-e-type=\"section\" data-settings=\"{&quot;background_background&quot;:&quot;classic&quot;}\">\n\t\t\t\t\t\t<div class=\"elementor-container elementor-column-gap-default\">\n\t\t\t\t\t<div class=\"elementor-column elementor-col-100 elementor-top-column elementor-element elementor-element-30252ab\" data-id=\"30252ab\" data-element_type=\"column\" data-e-type=\"column\">\n\t\t\t<div class=\"elementor-widget-wrap elementor-element-populated\">\n\t\t\t\t\t\t<div class=\"elementor-element elementor-element-853484d elementor-widget elementor-widget-heading\" data-id=\"853484d\" data-element_type=\"widget\" data-e-type=\"widget\" data-widget_type=\"heading.default\">\n\t\t\t\t<div class=\"elementor-widget-container\">\n\t\t\t\t\t<h2 class=\"elementor-heading-title elementor-size-default\"><span style=\"font-size: 28px\">C\u00f3mo Vender R\u00e1pido<\/span><\/h2>\t\t\t\t<\/div>\n\t\t\t\t<\/div>\n\t\t\t\t<section class=\"elementor-section elementor-inner-section elementor-element elementor-element-6ec5e36 elementor-section-boxed elementor-section-height-default elementor-section-height-default rt-parallax-bg-no\" data-id=\"6ec5e36\" data-element_type=\"section\" data-e-type=\"section\">\n\t\t\t\t\t\t<div class=\"elementor-container elementor-column-gap-default\">\n\t\t\t\t\t<div class=\"elementor-column elementor-col-50 elementor-inner-column elementor-element elementor-element-e3bfda2\" data-id=\"e3bfda2\" data-element_type=\"column\" data-e-type=\"column\">\n\t\t\t<div class=\"elementor-widget-wrap elementor-element-populated\">\n\t\t\t\t\t\t<div class=\"elementor-element elementor-element-94bc53d elementor-widget elementor-widget-image\" data-id=\"94bc53d\" data-element_type=\"widget\" data-e-type=\"widget\" data-widget_type=\"image.default\">\n\t\t\t\t<div class=\"elementor-widget-container\">\n\t\t\t\t\t\t\t\t\t\t\t\t\t\t\t<img fetchpriority=\"high\" decoding=\"async\" width=\"300\" height=\"300\" src=\"https:\/\/vendervip.com\/do\/wp-content\/uploads\/2022\/04\/pick-the-right-price-300x300.png\" class=\"attachment-medium size-medium wp-image-3005\" alt=\"\" srcset=\"https:\/\/vendervip.com\/do\/wp-content\/uploads\/2022\/04\/pick-the-right-price-300x300.png 300w, https:\/\/vendervip.com\/do\/wp-content\/uploads\/2022\/04\/pick-the-right-price-1024x1024.png 1024w, https:\/\/vendervip.com\/do\/wp-content\/uploads\/2022\/04\/pick-the-right-price-150x150.png 150w, https:\/\/vendervip.com\/do\/wp-content\/uploads\/2022\/04\/pick-the-right-price-768x768.png 768w, https:\/\/vendervip.com\/do\/wp-content\/uploads\/2022\/04\/pick-the-right-price-140x140.png 140w, https:\/\/vendervip.com\/do\/wp-content\/uploads\/2022\/04\/pick-the-right-price-493x493.png 493w, https:\/\/vendervip.com\/do\/wp-content\/uploads\/2022\/04\/pick-the-right-price.png 1200w\" sizes=\"(max-width: 300px) 100vw, 300px\" title=\"\" \/>\t\t\t\t\t\t\t\t\t\t\t\t\t\t\t<\/div>\n\t\t\t\t<\/div>\n\t\t\t\t\t<\/div>\n\t\t<\/div>\n\t\t\t\t<div class=\"elementor-column elementor-col-50 elementor-inner-column elementor-element elementor-element-43e7462\" data-id=\"43e7462\" data-element_type=\"column\" data-e-type=\"column\">\n\t\t\t<div class=\"elementor-widget-wrap elementor-element-populated\">\n\t\t\t\t\t\t<div class=\"elementor-element elementor-element-73d8706 elementor-widget elementor-widget-heading\" data-id=\"73d8706\" data-element_type=\"widget\" data-e-type=\"widget\" data-widget_type=\"heading.default\">\n\t\t\t\t<div class=\"elementor-widget-container\">\n\t\t\t\t\t<h5 class=\"elementor-heading-title elementor-size-default\">Elija el precio correcto.<\/h5>\t\t\t\t<\/div>\n\t\t\t\t<\/div>\n\t\t\t\t<div class=\"elementor-element elementor-element-346a485 elementor-widget elementor-widget-text-editor\" data-id=\"346a485\" data-element_type=\"widget\" data-e-type=\"widget\" data-widget_type=\"text-editor.default\">\n\t\t\t\t<div class=\"elementor-widget-container\">\n\t\t\t\t\t\t\t\t\t<p>El precio es un factor importante para el cliente que compra un art\u00edculo. Entonces, antes de establecer el precio, visita anuncios similares y establece un precio razonable y competitivo.<\/p>\t\t\t\t\t\t\t\t<\/div>\n\t\t\t\t<\/div>\n\t\t\t\t\t<\/div>\n\t\t<\/div>\n\t\t\t\t\t<\/div>\n\t\t<\/section>\n\t\t\t\t<section class=\"elementor-section elementor-inner-section elementor-element elementor-element-b1239b1 elementor-section-boxed elementor-section-height-default elementor-section-height-default rt-parallax-bg-no\" data-id=\"b1239b1\" data-element_type=\"section\" data-e-type=\"section\">\n\t\t\t\t\t\t<div class=\"elementor-container elementor-column-gap-default\">\n\t\t\t\t\t<div class=\"elementor-column elementor-col-50 elementor-inner-column elementor-element elementor-element-5db2b35\" data-id=\"5db2b35\" data-element_type=\"column\" data-e-type=\"column\">\n\t\t\t<div class=\"elementor-widget-wrap elementor-element-populated\">\n\t\t\t\t\t\t<div class=\"elementor-element elementor-element-99d52ee elementor-widget elementor-widget-image\" data-id=\"99d52ee\" data-element_type=\"widget\" data-e-type=\"widget\" data-widget_type=\"image.default\">\n\t\t\t\t<div class=\"elementor-widget-container\">\n\t\t\t\t\t\t\t\t\t\t\t\t\t\t\t<img decoding=\"async\" width=\"300\" height=\"300\" src=\"https:\/\/vendervip.com\/do\/wp-content\/uploads\/2022\/04\/use-great-photo-300x300.png\" class=\"attachment-medium size-medium wp-image-3009\" alt=\"\" srcset=\"https:\/\/vendervip.com\/do\/wp-content\/uploads\/2022\/04\/use-great-photo-300x300.png 300w, https:\/\/vendervip.com\/do\/wp-content\/uploads\/2022\/04\/use-great-photo-1024x1024.png 1024w, https:\/\/vendervip.com\/do\/wp-content\/uploads\/2022\/04\/use-great-photo-150x150.png 150w, https:\/\/vendervip.com\/do\/wp-content\/uploads\/2022\/04\/use-great-photo-768x768.png 768w, https:\/\/vendervip.com\/do\/wp-content\/uploads\/2022\/04\/use-great-photo-140x140.png 140w, https:\/\/vendervip.com\/do\/wp-content\/uploads\/2022\/04\/use-great-photo-493x493.png 493w, https:\/\/vendervip.com\/do\/wp-content\/uploads\/2022\/04\/use-great-photo.png 1200w\" sizes=\"(max-width: 300px) 100vw, 300px\" title=\"\" \/>\t\t\t\t\t\t\t\t\t\t\t\t\t\t\t<\/div>\n\t\t\t\t<\/div>\n\t\t\t\t\t<\/div>\n\t\t<\/div>\n\t\t\t\t<div class=\"elementor-column elementor-col-50 elementor-inner-column elementor-element elementor-element-660f674\" data-id=\"660f674\" data-element_type=\"column\" data-e-type=\"column\">\n\t\t\t<div class=\"elementor-widget-wrap elementor-element-populated\">\n\t\t\t\t\t\t<div class=\"elementor-element elementor-element-97fcdc6 elementor-widget elementor-widget-heading\" data-id=\"97fcdc6\" data-element_type=\"widget\" data-e-type=\"widget\" data-widget_type=\"heading.default\">\n\t\t\t\t<div class=\"elementor-widget-container\">\n\t\t\t\t\t<h5 class=\"elementor-heading-title elementor-size-default\">Usa fotos geniales.<\/h5>\t\t\t\t<\/div>\n\t\t\t\t<\/div>\n\t\t\t\t<div class=\"elementor-element elementor-element-c9e3948 elementor-widget elementor-widget-text-editor\" data-id=\"c9e3948\" data-element_type=\"widget\" data-e-type=\"widget\" data-widget_type=\"text-editor.default\">\n\t\t\t\t<div class=\"elementor-widget-container\">\n\t\t\t\t\t\t\t\t\t<p>Utiliza fotograf\u00edas claras y reales de tus art\u00edculos. Puedes usar varias im\u00e1genes desde diferentes vistas para que el comprador tenga una idea m\u00e1s clara sobre tus art\u00edculos.<\/p>\t\t\t\t\t\t\t\t<\/div>\n\t\t\t\t<\/div>\n\t\t\t\t\t<\/div>\n\t\t<\/div>\n\t\t\t\t\t<\/div>\n\t\t<\/section>\n\t\t\t\t<section class=\"elementor-section elementor-inner-section elementor-element elementor-element-4d69467 elementor-section-boxed elementor-section-height-default elementor-section-height-default rt-parallax-bg-no\" data-id=\"4d69467\" data-element_type=\"section\" data-e-type=\"section\">\n\t\t\t\t\t\t<div class=\"elementor-container elementor-column-gap-default\">\n\t\t\t\t\t<div class=\"elementor-column elementor-col-50 elementor-inner-column elementor-element elementor-element-5603d78\" data-id=\"5603d78\" data-element_type=\"column\" data-e-type=\"column\">\n\t\t\t<div class=\"elementor-widget-wrap elementor-element-populated\">\n\t\t\t\t\t\t<div class=\"elementor-element elementor-element-e6c65ff elementor-widget elementor-widget-image\" data-id=\"e6c65ff\" data-element_type=\"widget\" data-e-type=\"widget\" data-widget_type=\"image.default\">\n\t\t\t\t<div class=\"elementor-widget-container\">\n\t\t\t\t\t\t\t\t\t\t\t\t\t\t\t<img decoding=\"async\" width=\"300\" height=\"300\" src=\"https:\/\/vendervip.com\/do\/wp-content\/uploads\/2022\/04\/clear-descripion-300x300.png\" class=\"attachment-medium size-medium wp-image-3010\" alt=\"\" srcset=\"https:\/\/vendervip.com\/do\/wp-content\/uploads\/2022\/04\/clear-descripion-300x300.png 300w, https:\/\/vendervip.com\/do\/wp-content\/uploads\/2022\/04\/clear-descripion-1024x1024.png 1024w, https:\/\/vendervip.com\/do\/wp-content\/uploads\/2022\/04\/clear-descripion-150x150.png 150w, https:\/\/vendervip.com\/do\/wp-content\/uploads\/2022\/04\/clear-descripion-768x768.png 768w, https:\/\/vendervip.com\/do\/wp-content\/uploads\/2022\/04\/clear-descripion-140x140.png 140w, https:\/\/vendervip.com\/do\/wp-content\/uploads\/2022\/04\/clear-descripion-493x493.png 493w, https:\/\/vendervip.com\/do\/wp-content\/uploads\/2022\/04\/clear-descripion.png 1200w\" sizes=\"(max-width: 300px) 100vw, 300px\" title=\"\" \/>\t\t\t\t\t\t\t\t\t\t\t\t\t\t\t<\/div>\n\t\t\t\t<\/div>\n\t\t\t\t\t<\/div>\n\t\t<\/div>\n\t\t\t\t<div class=\"elementor-column elementor-col-50 elementor-inner-column elementor-element elementor-element-68444fb\" data-id=\"68444fb\" data-element_type=\"column\" data-e-type=\"column\">\n\t\t\t<div class=\"elementor-widget-wrap elementor-element-populated\">\n\t\t\t\t\t\t<div class=\"elementor-element elementor-element-b1e3244 elementor-widget elementor-widget-heading\" data-id=\"b1e3244\" data-element_type=\"widget\" data-e-type=\"widget\" data-widget_type=\"heading.default\">\n\t\t\t\t<div class=\"elementor-widget-container\">\n\t\t\t\t\t<h5 class=\"elementor-heading-title elementor-size-default\">Proporciona una descripci\u00f3n clara.<\/h5>\t\t\t\t<\/div>\n\t\t\t\t<\/div>\n\t\t\t\t<div class=\"elementor-element elementor-element-286853e elementor-widget elementor-widget-text-editor\" data-id=\"286853e\" data-element_type=\"widget\" data-e-type=\"widget\" data-widget_type=\"text-editor.default\">\n\t\t\t\t<div class=\"elementor-widget-container\">\n\t\t\t\t\t\t\t\t\t<p>Proporciona una descripci\u00f3n clara y detallada de tus art\u00edculos. Aseg\u00farate de haber agregado la informaci\u00f3n correcta de tus art\u00edculos.\u00a0<\/p>\t\t\t\t\t\t\t\t<\/div>\n\t\t\t\t<\/div>\n\t\t\t\t\t<\/div>\n\t\t<\/div>\n\t\t\t\t\t<\/div>\n\t\t<\/section>\n\t\t\t\t\t<\/div>\n\t\t<\/div>\n\t\t\t\t\t<\/div>\n\t\t<\/section>\n\t\t\t\t<\/div>\n\t\t","protected":false},"excerpt":{"rendered":"<p>C\u00f3mo Vender R\u00e1pido Elija el precio correcto. El precio es un factor importante para el cliente que compra un art\u00edculo. Entonces, antes de establecer el precio, visita anuncios similares y establece un precio razonable y competitivo. Usa fotos geniales. Utiliza fotograf\u00edas claras y reales de tus art\u00edculos. Puedes usar varias im\u00e1genes desde diferentes vistas para<\/p>\n","protected":false},"author":1,"featured_media":0,"parent":0,"menu_order":0,"comment_status":"closed","ping_status":"closed","template":"templates\/blank.php","meta":{"_rtcl_gb_attr":"","footnotes":""},"class_list":["post-2999","page","type-page","status-publish","hentry"],"_links":{"self":[{"href":"https:\/\/vendervip.com\/do\/wp-json\/wp\/v2\/pages\/2999","targetHints":{"allow":["GET"]}}],"collection":[{"href":"https:\/\/vendervip.com\/do\/wp-json\/wp\/v2\/pages"}],"about":[{"href":"https:\/\/vendervip.com\/do\/wp-json\/wp\/v2\/types\/page"}],"author":[{"embeddable":true,"href":"https:\/\/vendervip.com\/do\/wp-json\/wp\/v2\/users\/1"}],"replies":[{"embeddable":true,"href":"https:\/\/vendervip.com\/do\/wp-json\/wp\/v2\/comments?post=2999"}],"version-history":[{"count":43,"href":"https:\/\/vendervip.com\/do\/wp-json\/wp\/v2\/pages\/2999\/revisions"}],"predecessor-version":[{"id":9995,"href":"https:\/\/vendervip.com\/do\/wp-json\/wp\/v2\/pages\/2999\/revisions\/9995"}],"wp:attachment":[{"href":"https:\/\/vendervip.com\/do\/wp-json\/wp\/v2\/media?parent=2999"}],"curies":[{"name":"wp","href":"https:\/\/api.w.org\/{rel}","templated":true}]}}