{"id":2861,"date":"2022-04-03T17:51:25","date_gmt":"2022-04-03T17:51:25","guid":{"rendered":"https:\/\/vendervip.com\/do\/?page_id=2861"},"modified":"2023-01-11T08:23:13","modified_gmt":"2023-01-11T08:23:13","slug":"membresias","status":"publish","type":"page","link":"https:\/\/vendervip.com\/do\/membresias\/","title":{"rendered":"Membres\u00edas"},"content":{"rendered":"\t\t<div data-elementor-type=\"wp-post\" data-elementor-id=\"2861\" class=\"elementor elementor-2861\">\n\t\t\t\t\t\t<section class=\"elementor-section elementor-top-section elementor-element elementor-element-7791c7f elementor-section-boxed elementor-section-height-default elementor-section-height-default rt-parallax-bg-no\" data-id=\"7791c7f\" data-element_type=\"section\" data-e-type=\"section\">\n\t\t\t\t\t\t<div class=\"elementor-container elementor-column-gap-default\">\n\t\t\t\t\t<div class=\"elementor-column elementor-col-100 elementor-top-column elementor-element elementor-element-3557b25\" data-id=\"3557b25\" data-element_type=\"column\" data-e-type=\"column\">\n\t\t\t<div class=\"elementor-widget-wrap elementor-element-populated\">\n\t\t\t\t\t\t<div class=\"elementor-element elementor-element-e03594d elementor-widget elementor-widget-heading\" data-id=\"e03594d\" data-element_type=\"widget\" data-e-type=\"widget\" data-widget_type=\"heading.default\">\n\t\t\t\t<div class=\"elementor-widget-container\">\n\t\t\t\t\t<h1 class=\"elementor-heading-title elementor-size-default\"><span style=\"font-size: 36px;white-space: normal;background-color: inherit\">Membres\u00edas<\/span><\/h1>\t\t\t\t<\/div>\n\t\t\t\t<\/div>\n\t\t\t\t<div class=\"elementor-element elementor-element-af365af elementor-widget elementor-widget-heading\" data-id=\"af365af\" data-element_type=\"widget\" data-e-type=\"widget\" data-widget_type=\"heading.default\">\n\t\t\t\t<div class=\"elementor-widget-container\">\n\t\t\t\t\t<h3 class=\"elementor-heading-title elementor-size-default\"><span style=\"font-size: 22px;white-space: normal;background-color: inherit\">Activa una de nuestras membres\u00edas y s\u00e1cale el mayor provecho a la plataforma.<\/span><\/h3>\t\t\t\t<\/div>\n\t\t\t\t<\/div>\n\t\t\t\t\t<\/div>\n\t\t<\/div>\n\t\t\t\t\t<\/div>\n\t\t<\/section>\n\t\t\t\t<section class=\"elementor-section elementor-top-section elementor-element elementor-element-7f520e45 elementor-section-boxed elementor-section-height-default elementor-section-height-default rt-parallax-bg-no\" data-id=\"7f520e45\" data-element_type=\"section\" data-e-type=\"section\" data-settings=\"{&quot;background_background&quot;:&quot;classic&quot;}\">\n\t\t\t\t\t\t\t<div class=\"elementor-background-overlay\"><\/div>\n\t\t\t\t\t\t\t<div class=\"elementor-container elementor-column-gap-default\">\n\t\t\t\t\t<div class=\"elementor-column elementor-col-25 elementor-top-column elementor-element elementor-element-48e9ffcb\" data-id=\"48e9ffcb\" data-element_type=\"column\" data-e-type=\"column\">\n\t\t\t<div class=\"elementor-widget-wrap elementor-element-populated\">\n\t\t\t\t\t\t<div class=\"elementor-element elementor-element-5c03204f elementor-widget elementor-widget-rt-pricing-box\" data-id=\"5c03204f\" data-element_type=\"widget\" data-e-type=\"widget\" data-widget_type=\"rt-pricing-box.default\">\n\t\t\t\t<div class=\"elementor-widget-container\">\n\t\t\t\t\t<div class=\"rt-el-pricing-box-3\">\r\n\t\t\t<h3 class=\"rtin-title\">Membres\u00eda<\/h3>\r\n\t\t<div class=\"rtin-price\">\r\n\t\t<span class=\"rtin-currency\">$10<\/span>\r\n\t\t<span class=\"rtin-duration\">\r\n            \/\r\n                         mes        <\/span>\r\n\t<\/div>\r\n\t<div class=\"rtin-features\">\r\n        <ul>\r\n\t                        <li><i class=\"fas fa-check\"><\/i> 5 Anuncios Regulares por 30 d\u00edas<\/li>\r\n\t                        <li><i class=\"fas fa-check\"><\/i> 2 Anuncios Destacados de 30 d\u00edas c\/u<\/li>\r\n\t                        <li><i class=\"fas fa-check\"><\/i> Todas las Categor\u00edas<\/li>\r\n\t                        <li><i class=\"fas fa-check\"><\/i> ACCESO A CREACI\u00d3N DE TIENDA INCLUIDA<\/li>\r\n\t                <\/ul>\r\n\t<\/div>\r\n\t\t\t<div class=\"rtin-button\"><a href=\"https:\/\/vendervip.com\/do\/checkout\/membership\/?option=742\">Activar<\/a><\/div>\r\n\t<\/div>\t\t\t\t<\/div>\n\t\t\t\t<\/div>\n\t\t\t\t\t<\/div>\n\t\t<\/div>\n\t\t\t\t<div class=\"elementor-column elementor-col-25 elementor-top-column elementor-element elementor-element-75c313a1\" data-id=\"75c313a1\" data-element_type=\"column\" data-e-type=\"column\">\n\t\t\t<div class=\"elementor-widget-wrap elementor-element-populated\">\n\t\t\t\t\t\t<div class=\"elementor-element elementor-element-2640cce9 elementor-widget elementor-widget-rt-pricing-box\" data-id=\"2640cce9\" data-element_type=\"widget\" data-e-type=\"widget\" data-widget_type=\"rt-pricing-box.default\">\n\t\t\t\t<div class=\"elementor-widget-container\">\n\t\t\t\t\t<div class=\"rt-el-pricing-box-3\">\r\n\t\t\t<h3 class=\"rtin-title\">Membres\u00eda<\/h3>\r\n\t\t<div class=\"rtin-price\">\r\n\t\t<span class=\"rtin-currency\">$25<\/span>\r\n\t\t<span class=\"rtin-duration\">\r\n            \/\r\n                         mes        <\/span>\r\n\t<\/div>\r\n\t<div class=\"rtin-features\">\r\n        <ul>\r\n\t                        <li><i class=\"fas fa-check\"><\/i> 20 Anuncios Regulares por 30 d\u00edas<\/li>\r\n\t                        <li><i class=\"fas fa-check\"><\/i> 5 Anuncios Destacados de 30 d\u00edas c\/u<\/li>\r\n\t                        <li><i class=\"fas fa-check\"><\/i> Todas las Categor\u00edas<\/li>\r\n\t                        <li><i class=\"fas fa-check\"><\/i> ACCESO A CREACI\u00d3N DE TIENDA INCLUIDA<\/li>\r\n\t                <\/ul>\r\n\t<\/div>\r\n\t\t\t<div class=\"rtin-button\"><a href=\"https:\/\/vendervip.com\/do\/checkout\/membership\/?option=2221\">Activar<\/a><\/div>\r\n\t<\/div>\t\t\t\t<\/div>\n\t\t\t\t<\/div>\n\t\t\t\t\t<\/div>\n\t\t<\/div>\n\t\t\t\t<div class=\"elementor-column elementor-col-25 elementor-top-column elementor-element elementor-element-2c4ef5e4\" data-id=\"2c4ef5e4\" data-element_type=\"column\" data-e-type=\"column\">\n\t\t\t<div class=\"elementor-widget-wrap elementor-element-populated\">\n\t\t\t\t\t\t<div class=\"elementor-element elementor-element-53c6430b elementor-widget elementor-widget-rt-pricing-box\" data-id=\"53c6430b\" data-element_type=\"widget\" data-e-type=\"widget\" data-widget_type=\"rt-pricing-box.default\">\n\t\t\t\t<div class=\"elementor-widget-container\">\n\t\t\t\t\t<div class=\"rt-el-pricing-box-3\">\r\n\t\t\t<h3 class=\"rtin-title\">Membres\u00eda<\/h3>\r\n\t\t<div class=\"rtin-price\">\r\n\t\t<span class=\"rtin-currency\">$45<\/span>\r\n\t\t<span class=\"rtin-duration\">\r\n            \/\r\n                         3meses        <\/span>\r\n\t<\/div>\r\n\t<div class=\"rtin-features\">\r\n        <ul>\r\n\t                        <li><i class=\"fas fa-check\"><\/i> 40 Anuncios Regulares por 90 d\u00edas<\/li>\r\n\t                        <li><i class=\"fas fa-check\"><\/i> 5 Anuncios Destacados de 30 d\u00edas c\/u<\/li>\r\n\t                        <li><i class=\"fas fa-check\"><\/i> Todas las Categor\u00edas<\/li>\r\n\t                        <li><i class=\"fas fa-check\"><\/i> ACCESO A CREACI\u00d3N DE TIENDA INCLUIDA<\/li>\r\n\t                <\/ul>\r\n\t<\/div>\r\n\t\t\t<div class=\"rtin-button\"><a href=\"https:\/\/vendervip.com\/do\/checkout\/membership\/?option=730\">Activar<\/a><\/div>\r\n\t<\/div>\t\t\t\t<\/div>\n\t\t\t\t<\/div>\n\t\t\t\t\t<\/div>\n\t\t<\/div>\n\t\t\t\t<div class=\"elementor-column elementor-col-25 elementor-top-column elementor-element elementor-element-57e35565\" data-id=\"57e35565\" data-element_type=\"column\" data-e-type=\"column\">\n\t\t\t<div class=\"elementor-widget-wrap elementor-element-populated\">\n\t\t\t\t\t\t<div class=\"elementor-element elementor-element-119b55e8 elementor-widget elementor-widget-rt-pricing-box\" data-id=\"119b55e8\" data-element_type=\"widget\" data-e-type=\"widget\" data-widget_type=\"rt-pricing-box.default\">\n\t\t\t\t<div class=\"elementor-widget-container\">\n\t\t\t\t\t<div class=\"rt-el-pricing-box-3\">\r\n\t\t\t<h3 class=\"rtin-title\">Membres\u00eda<\/h3>\r\n\t\t<div class=\"rtin-price\">\r\n\t\t<span class=\"rtin-currency\">$80<\/span>\r\n\t\t<span class=\"rtin-duration\">\r\n            \/\r\n                         6meses        <\/span>\r\n\t<\/div>\r\n\t<div class=\"rtin-features\">\r\n        <ul>\r\n\t                        <li><i class=\"fas fa-check\"><\/i> 65 Anuncios Regulares por 180 d\u00edas<\/li>\r\n\t                        <li><i class=\"fas fa-check\"><\/i> 5 Anuncios Destacados de 30 d\u00edas c\/u<\/li>\r\n\t                        <li><i class=\"fas fa-check\"><\/i> Todas las Categor\u00edas<\/li>\r\n\t                        <li><i class=\"fas fa-check\"><\/i> ACCESO A CREACI\u00d3N DE TIENDA INCLUIDA<\/li>\r\n\t                <\/ul>\r\n\t<\/div>\r\n\t\t\t<div class=\"rtin-button\"><a href=\"https:\/\/vendervip.com\/do\/checkout\/membership\/?option=3257\">Activar<\/a><\/div>\r\n\t<\/div>\t\t\t\t<\/div>\n\t\t\t\t<\/div>\n\t\t\t\t\t<\/div>\n\t\t<\/div>\n\t\t\t\t\t<\/div>\n\t\t<\/section>\n\t\t\t\t<section class=\"elementor-section elementor-top-section elementor-element elementor-element-2eb7955 elementor-section-boxed elementor-section-height-default elementor-section-height-default rt-parallax-bg-no\" data-id=\"2eb7955\" data-element_type=\"section\" data-e-type=\"section\">\n\t\t\t\t\t\t<div class=\"elementor-container elementor-column-gap-default\">\n\t\t\t\t\t<div class=\"elementor-column elementor-col-100 elementor-top-column elementor-element elementor-element-5162657\" data-id=\"5162657\" data-element_type=\"column\" data-e-type=\"column\">\n\t\t\t<div class=\"elementor-widget-wrap elementor-element-populated\">\n\t\t\t\t\t\t<div class=\"elementor-element elementor-element-5582145 elementor-widget elementor-widget-text-editor\" data-id=\"5582145\" data-element_type=\"widget\" data-e-type=\"widget\" data-widget_type=\"text-editor.default\">\n\t\t\t\t<div class=\"elementor-widget-container\">\n\t\t\t\t\t\t\t\t\t<p>Si activas varias membres\u00edas al mismo tiempo en tu cuenta, los espacios de anuncios se sumar\u00e1n al igual que las fechas. Es decir, al terminar el tiempo de la primera membres\u00eda, iniciara el tiempo de la siguiente.<\/p>\t\t\t\t\t\t\t\t<\/div>\n\t\t\t\t<\/div>\n\t\t\t\t\t<\/div>\n\t\t<\/div>\n\t\t\t\t\t<\/div>\n\t\t<\/section>\n\t\t\t\t<\/div>\n\t\t","protected":false},"excerpt":{"rendered":"<p>Membres\u00edas Activa una de nuestras membres\u00edas y s\u00e1cale el mayor provecho a la plataforma. Membres\u00eda $10 \/ mes 5 Anuncios Regulares por 30 d\u00edas 2 Anuncios Destacados de 30 d\u00edas c\/u Todas las Categor\u00edas ACCESO A CREACI\u00d3N DE TIENDA INCLUIDA Activar Membres\u00eda $25 \/ mes 20 Anuncios Regulares por 30 d\u00edas 5 Anuncios Destacados de<\/p>\n","protected":false},"author":1,"featured_media":0,"parent":0,"menu_order":0,"comment_status":"closed","ping_status":"closed","template":"templates\/blank.php","meta":{"_rtcl_gb_attr":"","footnotes":""},"class_list":["post-2861","page","type-page","status-publish","hentry"],"_links":{"self":[{"href":"https:\/\/vendervip.com\/do\/wp-json\/wp\/v2\/pages\/2861","targetHints":{"allow":["GET"]}}],"collection":[{"href":"https:\/\/vendervip.com\/do\/wp-json\/wp\/v2\/pages"}],"about":[{"href":"https:\/\/vendervip.com\/do\/wp-json\/wp\/v2\/types\/page"}],"author":[{"embeddable":true,"href":"https:\/\/vendervip.com\/do\/wp-json\/wp\/v2\/users\/1"}],"replies":[{"embeddable":true,"href":"https:\/\/vendervip.com\/do\/wp-json\/wp\/v2\/comments?post=2861"}],"version-history":[{"count":88,"href":"https:\/\/vendervip.com\/do\/wp-json\/wp\/v2\/pages\/2861\/revisions"}],"predecessor-version":[{"id":11751,"href":"https:\/\/vendervip.com\/do\/wp-json\/wp\/v2\/pages\/2861\/revisions\/11751"}],"wp:attachment":[{"href":"https:\/\/vendervip.com\/do\/wp-json\/wp\/v2\/media?parent=2861"}],"curies":[{"name":"wp","href":"https:\/\/api.w.org\/{rel}","templated":true}]}}