{"id":2593,"date":"2022-03-31T16:07:02","date_gmt":"2022-03-31T16:07:02","guid":{"rendered":"https:\/\/vendervip.com\/do\/?page_id=2593"},"modified":"2022-04-07T16:03:40","modified_gmt":"2022-04-07T16:03:40","slug":"terminos-y-condiciones","status":"publish","type":"page","link":"https:\/\/vendervip.com\/do\/terminos-y-condiciones\/","title":{"rendered":"T\u00e9rminos y Condiciones"},"content":{"rendered":"\t\t<div data-elementor-type=\"wp-page\" data-elementor-id=\"2593\" class=\"elementor elementor-2593\">\n\t\t\t\t\t\t<section class=\"elementor-section elementor-top-section elementor-element elementor-element-51d0ede6 elementor-section-boxed elementor-section-height-default elementor-section-height-default rt-parallax-bg-no\" data-id=\"51d0ede6\" data-element_type=\"section\" data-e-type=\"section\">\n\t\t\t\t\t\t<div class=\"elementor-container elementor-column-gap-default\">\n\t\t\t\t\t<div class=\"elementor-column elementor-col-100 elementor-top-column elementor-element elementor-element-627633e6\" data-id=\"627633e6\" data-element_type=\"column\" data-e-type=\"column\">\n\t\t\t<div class=\"elementor-widget-wrap elementor-element-populated\">\n\t\t\t\t\t\t<div class=\"elementor-element elementor-element-1076e5bc elementor-widget elementor-widget-image\" data-id=\"1076e5bc\" data-element_type=\"widget\" data-e-type=\"widget\" data-widget_type=\"image.default\">\n\t\t\t\t<div class=\"elementor-widget-container\">\n\t\t\t\t\t\t\t\t\t\t\t\t\t\t\t<img fetchpriority=\"high\" decoding=\"async\" width=\"300\" height=\"300\" src=\"https:\/\/vendervip.com\/do\/wp-content\/uploads\/2022\/03\/Logo-7-300x300.png\" class=\"attachment-medium size-medium wp-image-2586\" alt=\"\" srcset=\"https:\/\/vendervip.com\/do\/wp-content\/uploads\/2022\/03\/Logo-7-300x300.png 300w, https:\/\/vendervip.com\/do\/wp-content\/uploads\/2022\/03\/Logo-7-150x150.png 150w, https:\/\/vendervip.com\/do\/wp-content\/uploads\/2022\/03\/Logo-7-140x140.png 140w, https:\/\/vendervip.com\/do\/wp-content\/uploads\/2022\/03\/Logo-7-493x493.png 493w, https:\/\/vendervip.com\/do\/wp-content\/uploads\/2022\/03\/Logo-7.png 500w\" sizes=\"(max-width: 300px) 100vw, 300px\" title=\"\" \/>\t\t\t\t\t\t\t\t\t\t\t\t\t\t\t<\/div>\n\t\t\t\t<\/div>\n\t\t\t\t\t<\/div>\n\t\t<\/div>\n\t\t\t\t\t<\/div>\n\t\t<\/section>\n\t\t\t\t<section class=\"elementor-section elementor-top-section elementor-element elementor-element-52e03488 elementor-section-boxed elementor-section-height-default elementor-section-height-default rt-parallax-bg-no\" data-id=\"52e03488\" data-element_type=\"section\" data-e-type=\"section\">\n\t\t\t\t\t\t<div class=\"elementor-container elementor-column-gap-default\">\n\t\t\t\t\t<header class=\"elementor-column elementor-col-100 elementor-top-column elementor-element elementor-element-5e663865\" data-id=\"5e663865\" data-element_type=\"column\" data-e-type=\"column\">\n\t\t\t<div class=\"elementor-widget-wrap elementor-element-populated\">\n\t\t\t\t\t\t<div class=\"elementor-element elementor-element-2cb6c55f elementor-widget elementor-widget-heading\" data-id=\"2cb6c55f\" data-element_type=\"widget\" data-e-type=\"widget\" data-widget_type=\"heading.default\">\n\t\t\t\t<div class=\"elementor-widget-container\">\n\t\t\t\t\t<h1 class=\"elementor-heading-title elementor-size-default\">T\u00e9rminos y Condiciones de Uso<\/h1>\t\t\t\t<\/div>\n\t\t\t\t<\/div>\n\t\t\t\t\t<\/div>\n\t\t<\/header>\n\t\t\t\t\t<\/div>\n\t\t<\/section>\n\t\t\t\t<section class=\"elementor-section elementor-top-section elementor-element elementor-element-1da8bc73 elementor-section-boxed elementor-section-height-default elementor-section-height-default rt-parallax-bg-no\" data-id=\"1da8bc73\" data-element_type=\"section\" data-e-type=\"section\">\n\t\t\t\t\t\t<div class=\"elementor-container elementor-column-gap-default\">\n\t\t\t\t\t<div class=\"elementor-column elementor-col-100 elementor-top-column elementor-element elementor-element-383d2e39\" data-id=\"383d2e39\" data-element_type=\"column\" data-e-type=\"column\">\n\t\t\t<div class=\"elementor-widget-wrap elementor-element-populated\">\n\t\t\t\t\t\t\t<\/div>\n\t\t<\/div>\n\t\t\t\t\t<\/div>\n\t\t<\/section>\n\t\t\t\t<section class=\"elementor-section elementor-top-section elementor-element elementor-element-68b1fe77 elementor-section-boxed elementor-section-height-default elementor-section-height-default rt-parallax-bg-no\" data-id=\"68b1fe77\" data-element_type=\"section\" data-e-type=\"section\">\n\t\t\t\t\t\t<div class=\"elementor-container elementor-column-gap-default\">\n\t\t\t\t\t<div class=\"elementor-column elementor-col-100 elementor-top-column elementor-element elementor-element-643cd4ac\" data-id=\"643cd4ac\" data-element_type=\"column\" data-e-type=\"column\">\n\t\t\t<div class=\"elementor-widget-wrap elementor-element-populated\">\n\t\t\t\t\t\t<div class=\"elementor-element elementor-element-6989a431 elementor-widget elementor-widget-text-editor\" data-id=\"6989a431\" data-element_type=\"widget\" data-e-type=\"widget\" data-widget_type=\"text-editor.default\">\n\t\t\t\t<div class=\"elementor-widget-container\">\n\t\t\t\t\t\t\t\t\t<p>Es muy importante para nosotros que los usuarios de VENDER VIP conozcan los T\u00e9rminos y Condiciones Generales de uso (T &amp; C) ya que brindamos la informaci\u00f3n necesaria para que los usuarios del sitio, ya sean compradores, vendedores o anunciantes, tengan una buena experiencia al usar la plataforma VENDER VIP. El uso del Sitio y\/o sus aplicaciones m\u00f3viles\u00a0 (apps) implica comprensi\u00f3n, aceptaci\u00f3n y vinculaci\u00f3n autom\u00e1tica de estos T &amp; C. Si no acepta las condiciones establecidas en estos T &amp; C, puede dejar de usar el Sitio.<\/p><p>Encontrar\u00e1 en los elementos a continuaci\u00f3n, de manera muy objetiva y clara, la informaci\u00f3n principal para que pueda usar nuestras funciones correctamente.<\/p><ol><li>\u00bfQui\u00e9n es VENDER VIP?<\/li><li>\u00bfC\u00f3mo funciona el sitio?<\/li><li>Aplicabilidad de estos T &amp; C<\/li><li>Use sellos<\/li><li>Su cuenta<\/li><li>Publicidad<\/li><li>Disponibilidad del sitio web<\/li><li>Relaciones con terceros<\/li><li>Propiedad intelectual<\/li><li>Cambios en herramientas y caracter\u00edsticas<\/li><li>Conflictos<\/li><\/ol><ol><li>\u00bfQui\u00e9n es VENDER VIP?<\/li><\/ol><p>Al utilizar el Sitio, est\u00e1 accediendo a una funci\u00f3n de Empire Company LLC., registrada con el EIN: 84-3563195. Si tiene alguna pregunta sobre estos T &amp; C o dificultades para usar nuestra plataforma, puede contactarnos\u00a0AQU\u00cd.<\/p><ol start=\"2\"><li>\u00bfC\u00f3mo funciona el sitio?<\/li><\/ol><p>Como el sitio de compra y venta m\u00e1s grande de Latinoam\u00e9rica, el sitio ofrece espacio en l\u00ednea gratuito para llegar a las personas que desean vender y comprar productos nuevos y usados o anunciar servicios. Algunas herramientas pueden pagarse si excede el l\u00edmite de publicaciones gratuitas de acuerdo con las reglas de Vender VIP (consulte aqu\u00ed) o si desea contratar opciones para resaltar sus anuncios, entre otras caracter\u00edsticas. VENDER VIP ofrece filtros para reunir a vendedores y compradores de la misma regi\u00f3n, facilitando as\u00ed la reuni\u00f3n entre las partes.<\/p><p>VENDER VIP no proporciona servicios de consultor\u00eda o intermediaci\u00f3n, ni posee los productos y servicios ofrecidos en los anuncios, no posee ni interviene en la fijaci\u00f3n de precios. Cualquier compra y venta o contrataci\u00f3n de servicios es entre usuarios y sin participaci\u00f3n de VENDER VIP. Si algo sale mal con su transacci\u00f3n o cualquier otro da\u00f1o,\u00a0<span style=\"font-family: -apple-system, BlinkMacSystemFont, 'Segoe UI', Roboto, 'Helvetica Neue', Arial, 'Noto Sans', sans-serif, 'Apple Color Emoji', 'Segoe UI Emoji', 'Segoe UI Symbol', 'Noto Color Emoji';\">debe reclamar a aquel\u00a0<\/span><span style=\"font-family: -apple-system, BlinkMacSystemFont, 'Segoe UI', Roboto, 'Helvetica Neue', Arial, 'Noto Sans', sans-serif, 'Apple Color Emoji', 'Segoe UI Emoji', 'Segoe UI Symbol', 'Noto Color Emoji';\">con el que negoci\u00f3.<\/span><\/p><p>La responsabilidad de VENDER VIP se limita a proporcionar el espacio y las herramientas que siempre nos esforzamos por mejorar para permitir un entorno empresarial saludable y de apoyo. Por lo tanto, la responsabilidad de hacer anuncios y su contenido, los productos y servicios ofrecidos, y la realizaci\u00f3n y el \u00e9xito de la transacci\u00f3n recaer\u00e1 siempre y exclusivamente en los usuarios, por lo que le recomendamos que lea nuestros consejos y busque siempre nuestro Centro de ayuda si enfrenta cualquier dificultad o tiene preguntas sobre c\u00f3mo proceder y hacer negocios.<\/p><ol start=\"3\"><li>Aplicabilidad de estos T &amp; C<\/li><\/ol><p>Este T &amp; C es exclusivo de uso de la plataforma VENDER VIP, sus sitios web y aplicaciones (que llamamos este Sitio) y se actualizar\u00e1 de vez en cuando para reflejar los cambios en la ley o nuestras herramientas. Estos cambios entrar\u00e1n en vigencia inmediatamente despu\u00e9s de publicar los nuevos t\u00e9rminos y condiciones en el sitio, por lo que depende de usted verificar las condiciones vigentes en el momento del uso del sitio.<\/p><p>Como mencionamos en la introducci\u00f3n, algunas preguntas espec\u00edficas, adem\u00e1s de seguir estos T &amp; C, tambi\u00e9n deben seguir las Condiciones Particulares.<\/p><ol start=\"4\"><li>Use sellos<\/li><\/ol><p>No debe ingresar, transmitir, difundir o poner a disposici\u00f3n de terceros a trav\u00e9s del Sitio ning\u00fan material o informaci\u00f3n que sea contraria a la ley, la moral, el orden p\u00fablico, estas pol\u00edticas de T &amp; C, VENDER VIP y las Condiciones Particulares aplicables. Entre otros, (I) no se permiten spam, correos electr\u00f3nicos en cadena, marketing piramidal y publicidad fuera de las \u00e1reas dise\u00f1adas para dicho uso; (II) contenido falso, ambiguo, inexacto, o que pueda inducir a error a cualquier destinatario de dicha informaci\u00f3n; (III) contenido que viole la confidencialidad y privacidad de las comunicaciones; (IV) contrase\u00f1as para acceder a las diversas utilidades y \/ o contenido del Sitio que son propiedad de otros usuarios.<\/p><ol start=\"5\"><li>Su cuenta<\/li><\/ol><p>Su cuenta es un registro \u00fanico para el uso del Sitio y se requiere para colocar anuncios y usar el chat. El uso del sitio est\u00e1 restringido a personas menores de 18 a\u00f1os.<\/p><p>\u00a05.1. Creando la cuenta. Al crear una cuenta en el Sitio, Usted declara que toda la informaci\u00f3n que proporciona (\u201cInformaci\u00f3n de la cuenta\u201d) es verdadera y asume la responsabilidad de mantenerla actualizada. Para proteger su cuenta, su contrase\u00f1a debe mantenerse confidencial y no compartida, ya que las actividades en el Sitio que usan su cuenta siempre ser\u00e1n su responsabilidad.\u00a0<\/p><p>5.2. Datos de contacto. La informaci\u00f3n de la cuenta est\u00e1 destinada a contactar a posibles compradores, as\u00ed como a VENDER VIP, quienes tambi\u00e9n pueden enviarle promociones, paquetes, noticias u otra informaci\u00f3n sobre VENDER VIP y\/o compa\u00f1\u00edas dentro del mismo grupo. Los correos electr\u00f3nicos enviados a su direcci\u00f3n registrada se considerar\u00e1n entregados a Usted. La informaci\u00f3n relacionada con las utilidades y herramientas del Sitio u otra informaci\u00f3n adicional requerida por ley puede ser enviada por correo electr\u00f3nico a la direcci\u00f3n especificada en la Informaci\u00f3n de la cuenta, por los dem\u00e1s medios electr\u00f3nicos disponibles, como notificaciones autom\u00e1ticas o por escrito, por correo postal a la direcci\u00f3n indicada en la informaci\u00f3n de su cuenta. Tiene derecho a optar por no recibir dichos correos electr\u00f3nicos, pero si la cancelaci\u00f3n hace que sea imposible proporcionar los servicios, VENDER VIP se reserva el derecho de cancelar su cuenta.<\/p><p>5.3. Suspensi\u00f3n y eliminaci\u00f3n de cuenta. Use su cuenta concienzudamente, ya que VENDER VIP puede suspender o eliminar tanto su cuenta como sus anuncios y usted puede ser deshabilitado sin previo aviso en caso de informaci\u00f3n falsa de la cuenta, mal uso, violaci\u00f3n de la ley, la moral, el orden y las condiciones generales aplicables, as\u00ed como el uso del Sitio para actividades ilegales o inmorales y\/o cualquier actividad que, a criterio de VENDER VIP, no cumpla con sus pol\u00edticas internas. Este an\u00e1lisis realizado por VENDER VIP no implica el compromiso, la garant\u00eda, la obligaci\u00f3n o la responsabilidad de VENDER VIP en cuanto a la precisi\u00f3n de la informaci\u00f3n y el contenido ingresados por los usuarios.<\/p><ol start=\"6\"><li>Publicidad<\/li><\/ol><p>6.1. Antes de la publicidad. Antes de publicar su anuncio, consulte las reglas que debe seguir y los consejos para que su anuncio se vea bien y sea relevante para los compradores interesados. Estas reglas son una de las condiciones particulares y se actualizan peri\u00f3dicamente. Para darle la mejor experiencia con el Sitio, siempre cons\u00faltenos antes de publicar.<\/p><p>6.2. Publicidad. Para hacer el anuncio, debe completar la informaci\u00f3n, condici\u00f3n y otra informaci\u00f3n solicitada de su producto o servicio. Esta informaci\u00f3n debe actualizarse siempre que ocurran situaciones que cambien las condiciones de la oferta que puedan interferir con la negociaci\u00f3n. Cuanto m\u00e1s completo sea su anuncio, mayores ser\u00e1n las posibilidades de cerrar un acuerdo.<\/p><p>6.3. Lo que no puede estar en su anuncio. Recordamos su compromiso con la legalidad, la precisi\u00f3n de la informaci\u00f3n y la reproducci\u00f3n confiable del producto o servicio. Est\u00e1 prohibido publicar anuncios con contenido pornogr\u00e1fico, potencialmente obsceno y potencialmente ofensivo que promueva el terrorismo, cualquier tipo de discriminaci\u00f3n o que viole cualquier derecho individual o colectivo de terceros. Tampoco debe publicar, transmitir, difundir o poner a disposici\u00f3n de terceros cualquier contenido que constituya publicidad ilegal o injusta; eso puede causar da\u00f1os a los sistemas inform\u00e1ticos que infringe los derechos de propiedad intelectual y \/ o industrial de VENDER VIP o de terceros.<\/p><p>6.4. Lo que se puede anunciar. Solo los anuncios de productos y \/ o servicios permitidos por este T &amp; C y sus reglas aplicables, as\u00ed como la ley aplicable, pueden publicarse en el Sitio. Antes de publicar su anuncio, es su responsabilidad asegurarse de que cumpla con las condiciones que encuentre\u00a0AQU\u00cd. Debe tener la propiedad y la propiedad de los productos y la disponibilidad para proporcionar los servicios seg\u00fan lo anunciado. Debe indicar clara y completamente las condiciones de entrega y cualquier restricci\u00f3n geogr\u00e1fica.<\/p><p>6.5. Responsabilidad. Usted es el \u00fanico responsable de la publicidad, la informaci\u00f3n transmitida, las caracter\u00edsticas y condiciones del producto o servicio anunciado, su conducta como usuario, la entrega de los productos y servicios (o no entrega) y cualquier impuesto que pueda aplicarse a la transacci\u00f3n.<\/p><p>6.6. Fecha l\u00edmite de anuncio. Su anuncio estar\u00e1 disponible por un cierto per\u00edodo, consulte\u00a0AQU\u00cd\u00a0c\u00f3mo funciona la renovaci\u00f3n \/ vencimiento del anuncio. Si su anuncio no se renueva antes de que caduque o se haya desactivado por alg\u00fan motivo, deber\u00e1 volver a ingresar todos los datos e informaci\u00f3n, as\u00ed que tenga en cuenta la informaci\u00f3n en su cuenta.<\/p><p>6.7. Gratis. La publicaci\u00f3n de anuncios generalmente ser\u00e1 gratuita, pero se le puede cobrar para obtener m\u00e1s espacio para publicar en el Sitio. VENDER VIP no cobra comisi\u00f3n por ninguna transacci\u00f3n que pueda ocurrir entre anunciantes y compradores en el Sitio.<\/p><p>6.8. Anuncios destacados. Puede contratar una de las funciones para que su anuncio se destaque en el Sitio. Le recordamos que despu\u00e9s del inicio de la implementaci\u00f3n de la funcionalidad, considerando que es un contrato que permite el uso inmediato por parte del usuario, no tendr\u00e1 derecho a ning\u00fan reembolso o reembolso del monto pagado en caso de cancelaci\u00f3n.<\/p><p>6.9. Uso inmediato. Tenga en cuenta que una vez que la funcionalidad de los servicios destacados haya comenzado, teniendo en cuenta que se trata de contrataciones que le permiten al usuario usarla inmediatamente, no tendr\u00e1 derecho a ning\u00fan reembolso o reembolso del monto pagado si elige no usar la herramienta completa, parcialmente o en caso de cancelaci\u00f3n.<\/p><p>6.10. Pagos atrasados. En caso de que se demore en pagar su publicidad o los puntos destacados del Plan de Publicidad, VENDER VIP le enviar\u00e1 un correo electr\u00f3nico de alerta. Si, incluso despu\u00e9s de enviar este correo electr\u00f3nico, no se detecta ning\u00fan pago, VENDER VIP puede cancelar o suspender su compromiso y emprender acciones legales para recibir los importes pendientes. Una vez que VENDER VIP haya identificado el pago, la cuenta se reactivar\u00e1 dentro de un per\u00edodo operativo razonable.<\/p><ol start=\"7\"><li>Disponibilidad del sitio web<\/li><\/ol><p>VENDER VIP no garantiza la disponibilidad, el acceso y el funcionamiento continuo del Sitio o su funcionalidad actual o futura y no es responsable de ning\u00fan da\u00f1o o lesi\u00f3n que se le cause en caso de no estar disponible.<\/p><ol start=\"8\"><li>Relaciones con terceros<\/li><\/ol><p>La responsabilidad por terceros que ofrecen contenido y servicios en el Sitio, que proporcionan motores de b\u00fasqueda que permiten a los usuarios acceder a sitios web externos, servicios y contenido de sitios web de terceros a los que se accede mediante enlaces al Sitio ser\u00e1 responsabilidad exclusiva de dichos terceros. Usted estar\u00e1 bajo su propio riesgo y responsabilidad de tratar con estos terceros, liberando a VENDER VIP de cualquier responsabilidad. Si no est\u00e1 de acuerdo, puede optar por no usar contenido y servicios de terceros.<\/p><ol start=\"9\"><li>Propiedad intelectual<\/li><\/ol><p>9.1. Protecci\u00f3n de la propiedad intelectual. Como sitio de compra en l\u00ednea, el sitio no es responsable de la infracci\u00f3n de los derechos de propiedad intelectual, derechos de imagen u honor de los usuarios como resultado del contenido publicado por los usuarios del anunciante, pero eliminar\u00e1 cualquier anuncio que viole los derechos de esta naturaleza. Si siente que est\u00e1s siendo v\u00edctima de una infracci\u00f3n de los derechos de propiedad intelectual, p\u00f3ngase en contacto con Vender VIP.<\/p><p>9.2. Propiedad intelectual de VENDER VIP y terceros. Los elementos, contenido, estructuras, selecciones, pedidos, presentaciones de contenido y programas operativos utilizados por el Sitio est\u00e1n protegidos por derechos de propiedad intelectual de VENDER VIP o de terceros. Sin el permiso previo expreso de los propietarios, no puede rastrear el sitio web, reproducir, mostrar, copiar, transformar, modificar, desensamblar, realizar ingenier\u00eda inversa, distribuir, alquilar, proporcionar, poner a disposici\u00f3n del p\u00fablico a trav\u00e9s de cualquier forma de comunicaci\u00f3n p\u00fablica, cualquiera de los elementos protegidos. Se proh\u00edbe el uso de texto, im\u00e1genes, anuncios y cualquier otro elemento incluido o disponible en el Sitio para su posterior inclusi\u00f3n en cualquier veh\u00edculo fuera del Sitio sin el permiso previo por escrito de VENDER VIP. No puede eliminar letreros que identifiquen derechos (propiedad intelectual, imagen u otro) de VENDER VIP o de terceros que aparezcan en el Sitio y cada una de sus diversas utilidades. No puede manipular ning\u00fan dispositivo t\u00e9cnico establecido por VENDER VIP o un tercero para proteger sus derechos, ya sea en el Sitio o en cualquier material, elemento o informaci\u00f3n obtenida a trav\u00e9s del Sitio.<\/p><p>9.3. Propiedad intelectual del contenido insertado por el usuario. Afirma ser el propietario de las im\u00e1genes, videos, audios, textos y cualquier otro contenido que ingrese en el Sitio, autorizando a VENDER VIP a reproducir, distribuir y comunicar p\u00fablicamente este contenido, incluso en otros Sitios de VENDER VIP.<\/p><ol start=\"10\"><li>Cambios en herramientas y caracter\u00edsticas<\/li><\/ol><p>VENDER VIP siempre est\u00e1 trabajando para mejorar las herramientas y la funcionalidad del Sitio, que pueden modificarse, suspenderse o interrumpirse sin previo aviso. Si eliminamos o cambiamos alguna funcionalidad pagada, se le notificar\u00e1 con al menos 5 d\u00edas de anticipaci\u00f3n, haciendo entender que la disponibilidad de los anuncios tiene una fecha de vencimiento espec\u00edfica.<\/p><ol start=\"11\"><li>Conflictos<\/li><\/ol><p>VENDER VIP se enorgullece de ser un socio con los usuarios, y trabajamos para que el entorno empresarial del sitio siempre sea positivo. Si tiene alg\u00fan desacuerdo, le pedimos que se comunique con nosotros a trav\u00e9s de nuestros canales de servicio, sujeto a estos T &amp; C, las condiciones espec\u00edficas y la ley, buscaremos la soluci\u00f3n consensuada. Si entiende que va a demandar a VENDER VIP en la corte, el reclamo debe llevarse a cabo en un tribunal en el estado de Miami, Fl. Estados Unidos o en su domicilio.<\/p>\t\t\t\t\t\t\t\t<\/div>\n\t\t\t\t<\/div>\n\t\t\t\t\t<\/div>\n\t\t<\/div>\n\t\t\t\t\t<\/div>\n\t\t<\/section>\n\t\t\t\t<\/div>\n\t\t","protected":false},"excerpt":{"rendered":"<p>T\u00e9rminos y Condiciones de Uso Es muy importante para nosotros que los usuarios de VENDER VIP conozcan los T\u00e9rminos y Condiciones Generales de uso (T &amp; C) ya que brindamos la informaci\u00f3n necesaria para que los usuarios del sitio, ya sean compradores, vendedores o anunciantes, tengan una buena experiencia al usar la plataforma VENDER VIP.<\/p>\n","protected":false},"author":1,"featured_media":0,"parent":0,"menu_order":0,"comment_status":"closed","ping_status":"closed","template":"","meta":{"_rtcl_gb_attr":"","footnotes":""},"class_list":["post-2593","page","type-page","status-publish","hentry"],"_links":{"self":[{"href":"https:\/\/vendervip.com\/do\/wp-json\/wp\/v2\/pages\/2593","targetHints":{"allow":["GET"]}}],"collection":[{"href":"https:\/\/vendervip.com\/do\/wp-json\/wp\/v2\/pages"}],"about":[{"href":"https:\/\/vendervip.com\/do\/wp-json\/wp\/v2\/types\/page"}],"author":[{"embeddable":true,"href":"https:\/\/vendervip.com\/do\/wp-json\/wp\/v2\/users\/1"}],"replies":[{"embeddable":true,"href":"https:\/\/vendervip.com\/do\/wp-json\/wp\/v2\/comments?post=2593"}],"version-history":[{"count":44,"href":"https:\/\/vendervip.com\/do\/wp-json\/wp\/v2\/pages\/2593\/revisions"}],"predecessor-version":[{"id":3139,"href":"https:\/\/vendervip.com\/do\/wp-json\/wp\/v2\/pages\/2593\/revisions\/3139"}],"wp:attachment":[{"href":"https:\/\/vendervip.com\/do\/wp-json\/wp\/v2\/media?parent=2593"}],"curies":[{"name":"wp","href":"https:\/\/api.w.org\/{rel}","templated":true}]}}